{"id":742,"date":"2016-11-08T10:10:49","date_gmt":"2016-11-08T09:10:49","guid":{"rendered":"http:\/\/www.newslab.sk\/?page_id=742\/"},"modified":"2018-11-05T12:07:48","modified_gmt":"2018-11-05T11:07:48","slug":"about","status":"publish","type":"page","link":"https:\/\/www.newslab.sk\/en\/about\/","title":{"rendered":"About"},"content":{"rendered":"<h2><strong>Newslab \u2013 peer-reviewed magazine of laboratory medicine<\/strong><\/h2>\n<p>&nbsp;<\/p>\n<p>Newslab brings you the latest news and insights from science and research. Since we attempt to create a\u00a0close link between applied research and practice, the pages of Newslab offer space also for professional papers of our colleagues from the academia presenting the latest information about their science and research activities.<\/p>\n<p>The magazine has its own citation abbreviation what means that in practice, the contributions of the authors shall be included in their official publishing activity. At the same time, it is indexed in Bibliographia Medica Slovaca (BMS) and the citations are processed in CiBaMed. Articles are peer-reviewed and proof-red.<\/p>\n<p>The magazine is issued both in printed and electronic form.<\/p>\n<p>Downloading, copying, distribution, printing, search in, and reference to the articles in Newslab is allowed for informative and non-commercial purposes. It is, however, necessary to quote the author and the source if the method of usage allows for it. Using the articles for other purposes and in any other way is only possible with the publisher\u2019s permission.<\/p>\n<p>&nbsp;<\/p>\n<h3><strong>Join the authors\u2019 collective of Newslab, our scientific magazine!<\/strong><\/h3>\n<p><strong>\u00a0<\/strong><br \/>\n<a href=\"http:\/\/www.newslab.sk\/wp-content\/uploads\/2016\/11\/newslab.jpg\"><img loading=\"lazy\" decoding=\"async\" class=\"alignleft size-medium wp-image-705\" src=\"http:\/\/www.newslab.sk\/wp-content\/uploads\/2016\/11\/newslab-258x300.jpg\" alt=\"\" width=\"258\" height=\"300\" srcset=\"https:\/\/www.newslab.sk\/wp-content\/uploads\/2016\/11\/newslab-258x300.jpg 258w, https:\/\/www.newslab.sk\/wp-content\/uploads\/2016\/11\/newslab-768x892.jpg 768w, https:\/\/www.newslab.sk\/wp-content\/uploads\/2016\/11\/newslab-640x743.jpg 640w, https:\/\/www.newslab.sk\/wp-content\/uploads\/2016\/11\/newslab.jpg 783w\" sizes=\"auto, (max-width: 639px) 98vw, (max-width: 1199px) 64vw, 258px\" \/><\/a><\/p>\n<p>Would you like to contribute with your articles to Newslab \u2013 a peer-reviewed professional journal bringing the latest insights from science and research in laboratory medicine? We will gladly accept your contributions.<\/p>\n<p>The magazine has its own citation abbreviation what means that in practice the contributions of the authors shall be included in their official publishing activity. At the same time, it is indexed in Bibliographia Medica Slovaca (BMS) and the citations are processed in CiBaMed. Articles are peer-reviewed and proof-red.<\/p>\n<p>The magazine is issued both in printed and electronic form.<\/p>\n<p>&nbsp;<\/p>\n<p>&nbsp;<\/p>\n<p>&nbsp;<\/p>\n<p>&nbsp;<\/p>\n<p><strong>Issued by: MEDIREX <\/strong>GROUP ACADEMY n. o.<\/p>\n<p><strong>Publishing house:<\/strong>\u00a0A-medi management<\/p>\n<p><strong>ISSN:<\/strong> 2454-0021(online)<br \/>\n<strong>ISSN:<\/strong> 1338-9661(print issue)<\/p>\n<p><strong>Registration by the Ministry of Culture of the Slovak Republic:\u00a0<\/strong>under EV 5164\/15<\/p>\n<p><strong>Frequency: <\/strong>2 times a year<\/p>\n<p><strong>Number of pages: <\/strong>70 \u2013 100<\/p>\n<p><strong>Number of copies: <\/strong>approx. 5000<\/p>\n<p><strong>Distribution: <\/strong>professional institutions, libraries, physicians with various medical specialties cooperating with <strong>MEDIREX<\/strong> GROUP<\/p>\n<p>The magazine is indexed in Bibliographia Medica Slovaca (BMS).<\/p>\n<p>Citations are processed in CiBaMed.<\/p>\n<p><strong>Citation abbreviation<\/strong>: Newslab<\/p>\n<p>&nbsp;<\/p>\n<h2><strong>Authors interested in publishing with us (sending a contribution)<\/strong><\/h2>\n<p>&nbsp;<\/p>\n<p>We will gladly appreciate contributions also from external authors. Be so kind and send your articles and contributions to redakcia@Newslab.sk. The Board of Editors will decide about their inclusion in the next issue.<\/p>\n<p>&nbsp;<\/p>\n<h3><strong>Board of Editors<\/strong><\/h3>\n<p>&nbsp;<\/p>\n<h5><strong>Chair:<\/strong><\/h5>\n<p>RNDr. Elena Tibensk\u00e1, PhD.<\/p>\n<p>E-mail:<span style=\"color: #333333;\"> <a href=\"mailto:elena.tibenska@medirex.sk\">elena.tibenska@medirex.sk<\/a><\/span><\/p>\n<p>Phone.: +421 2\u00a0208 29\u00a0317<\/p>\n<p>&nbsp;<\/p>\n<h5><strong>Members: <\/strong><\/h5>\n<p>Dr. Domenico Pangallo, DrSc.<\/p>\n<p>Dr. Boris Klempa, DrSc.<\/p>\n<p>RNDr. Martin Radina<\/p>\n<p>Prof. MUDr. Milan Buc, DrSc.<\/p>\n<p>Prof. J\u00e1n Tur\u0148a, CSc.<\/p>\n<p>Ing. Pavol Sulo, CSc.<\/p>\n<p>Dr. B\u00e1lint Nagy, PhD.<\/p>\n<p>MUDr. Peter Bohu\u0161<\/p>\n<p>MUDr. Eva \u010eurovcov\u00e1, PhD.<\/p>\n<p>MUDr. J\u00e1n Laz\u00far<\/p>\n<p>Mgr. Peter Bar\u00e1th, PhD.<\/p>\n<p>MUDr. Pavol Janega, PhD.<\/p>\n<p>RNDr. J\u00e1n Radv\u00e1nszky, PhD.<\/p>\n<p>RNDr. Renata Luka\u010dkov\u00e1<\/p>\n<p>MUDr. Em\u00edlia Mikov\u00e1<\/p>\n<p>&nbsp;<\/p>\n<h5><strong>Executive Editors:<\/strong><\/h5>\n<p>Mgr. Slavom\u00edra \u0160indel\u00e1\u0159ov\u00e1<\/p>\n<p>&nbsp;<\/p>\n<h5><strong>Advertising and s<\/strong><strong>ubscriptions<\/strong><strong>:<\/strong><\/h5>\n<p>Mgr. Slavom\u00edra \u0160indel\u00e1\u0159ov\u00e1<\/p>\n<p>e-mail: <a href=\"mailto:redakcia@newslab.sk\">redakcia@Newslab.sk<\/a><\/p>\n<p>Phone: +421 2\u00a0208\u00a0209\u00a0126<\/p>\n<p>Mobile: +421\u00a0918\u00a0321\u00a0046<\/p>\n<p>&nbsp;<\/p>\n<p>\u00a9 2018, Medirex Group Academy, n.o.<br \/>\nISSN 2454-0021(online)<br \/>\nISSN 1338-9661(print issue)<\/p>\n","protected":false},"excerpt":{"rendered":"<p>Newslab \u2013 peer-reviewed magazine of laboratory medicine &nbsp; Newslab brings you the latest news and insights from science and research. Since we attempt to create a\u00a0close link between applied research and practice, the pages of Newslab offer space also for professional papers of our colleagues from the academia presenting the latest information about their science<\/p>\n","protected":false},"author":7,"featured_media":0,"parent":0,"menu_order":0,"comment_status":"closed","ping_status":"closed","template":"","meta":{"_mi_skip_tracking":false,"footnotes":""},"class_list":["post-742","page","type-page","status-publish","hentry"],"acf":[],"_links":{"self":[{"href":"https:\/\/www.newslab.sk\/en\/wp-json\/wp\/v2\/pages\/742","targetHints":{"allow":["GET"]}}],"collection":[{"href":"https:\/\/www.newslab.sk\/en\/wp-json\/wp\/v2\/pages"}],"about":[{"href":"https:\/\/www.newslab.sk\/en\/wp-json\/wp\/v2\/types\/page"}],"author":[{"embeddable":true,"href":"https:\/\/www.newslab.sk\/en\/wp-json\/wp\/v2\/users\/7"}],"replies":[{"embeddable":true,"href":"https:\/\/www.newslab.sk\/en\/wp-json\/wp\/v2\/comments?post=742"}],"version-history":[{"count":0,"href":"https:\/\/www.newslab.sk\/en\/wp-json\/wp\/v2\/pages\/742\/revisions"}],"wp:attachment":[{"href":"https:\/\/www.newslab.sk\/en\/wp-json\/wp\/v2\/media?parent=742"}],"curies":[{"name":"wp","href":"https:\/\/api.w.org\/{rel}","templated":true}]}}